{"id":3702,"date":"2025-07-18T12:39:40","date_gmt":"2025-07-18T10:39:40","guid":{"rendered":"https:\/\/www.deinsen.de\/?page_id=3702"},"modified":"2025-08-28T18:55:12","modified_gmt":"2025-08-28T16:55:12","slug":"qr-muehle-in-deinsen","status":"publish","type":"page","link":"https:\/\/www.deinsen.de\/?page_id=3702","title":{"rendered":"QR &#8211; M\u00fchle in Deinsen"},"content":{"rendered":"\n<p>Zu finden: Unter der M\u00fchle 1<\/p>\n\n\n\n<p><strong>Erz\u00e4hlung zur ehemaligen M\u00fchle an der Akebeke in Deinsen<\/strong><\/p>\n\n\n\n<div class=\"wp-block-group is-vertical is-layout-flex wp-container-core-group-is-layout-8cf370e7 wp-block-group-is-layout-flex\">\n<figure class=\"wp-block-image\"><img loading=\"lazy\" decoding=\"async\" width=\"691\" height=\"323\" src=\"https:\/\/www.deinsen.de\/wp-content\/uploads\/ueber die Jahre\/vor 1900\/Muehle-Deinsen_Nr_25_1952.jpg\" alt=\"\" class=\"wp-image-3218\" srcset=\"https:\/\/www.deinsen.de\/wp-content\/uploads\/ueber%20die%20Jahre\/vor%201900\/Muehle-Deinsen_Nr_25_1952.jpg 691w, https:\/\/www.deinsen.de\/wp-content\/uploads\/ueber%20die%20Jahre\/vor%201900\/Muehle-Deinsen_Nr_25_1952-300x140.jpg 300w\" sizes=\"auto, (max-width: 691px) 100vw, 691px\" \/><figcaption class=\"wp-element-caption\">M\u00fchlengeb\u00e4ude um 1952<\/figcaption><\/figure>\n\n\n\n<p>Wenn man heute am Astweg entlang spaziert, ist von ihr nichts mehr zu sehen \u2013 und doch stand hier einst eine  M\u00fchle: die <strong>M\u00fchle an der Akebeke<\/strong> (heute Unter der M\u00fchle 1). Seit <strong>1649<\/strong> klapperten hier die M\u00fchlr\u00e4der, angetrieben vom Wasser, das aus Teichen und \u00fcber ein ausgekl\u00fcgeltes System unterirdischer Kan\u00e4le zur M\u00fchle geleitet wurde.<\/p>\n<\/div>\n\n\n\n<figure class=\"wp-block-image\"><img loading=\"lazy\" decoding=\"async\" width=\"800\" height=\"539\" src=\"https:\/\/www.deinsen.de\/wp-content\/uploads\/Muehle-2.jpg\" alt=\"\" class=\"wp-image-3704\" srcset=\"https:\/\/www.deinsen.de\/wp-content\/uploads\/Muehle-2.jpg 800w, https:\/\/www.deinsen.de\/wp-content\/uploads\/Muehle-2-300x202.jpg 300w, https:\/\/www.deinsen.de\/wp-content\/uploads\/Muehle-2-768x517.jpg 768w, https:\/\/www.deinsen.de\/wp-content\/uploads\/Muehle-2-120x80.jpg 120w\" sizes=\"auto, (max-width: 800px) 100vw, 800px\" \/><figcaption class=\"wp-element-caption\">Wohngeb\u00e4ude ohne M\u00fchle<\/figcaption><\/figure>\n\n\n\n<p>Der erste bekannte M\u00fcller war <strong>Heinrich Ih\u00dfen<\/strong>, der den Betrieb sp\u00e4ter, 1678, an <strong>Cord Ih\u00dfen<\/strong> \u00fcbergab. \u00dcber Jahrhunderte hinweg war die M\u00fchle im Besitz verschiedener Familien, zuletzt der Familie <strong>Wa\u00dfmann-Bei\u00dfe<\/strong>, auf deren Grundst\u00fcck sich das Wasser der Akebeeke durch einen eigens angelegten Graben schl\u00e4ngelte \u2013 vorbei an Feldern und einem <strong>Wasserfall<\/strong>, der als Staubecken diente. Dieser Wasserfall, von dem heute nur noch ein altes Zeitungsfoto erhalten ist, war f\u00fcr viele Deinser Kinder ein beliebter Spielplatz.<\/p>\n\n\n\n<figure class=\"wp-block-image\"><img loading=\"lazy\" decoding=\"async\" width=\"2560\" height=\"2210\" src=\"https:\/\/www.deinsen.de\/wp-content\/uploads\/LDZ-Wasserfall-18.1.1983_5-scaled.jpg\" alt=\"\" class=\"wp-image-3723\" srcset=\"https:\/\/www.deinsen.de\/wp-content\/uploads\/LDZ-Wasserfall-18.1.1983_5-scaled.jpg 2560w, https:\/\/www.deinsen.de\/wp-content\/uploads\/LDZ-Wasserfall-18.1.1983_5-300x259.jpg 300w, https:\/\/www.deinsen.de\/wp-content\/uploads\/LDZ-Wasserfall-18.1.1983_5-1024x884.jpg 1024w, https:\/\/www.deinsen.de\/wp-content\/uploads\/LDZ-Wasserfall-18.1.1983_5-768x663.jpg 768w, https:\/\/www.deinsen.de\/wp-content\/uploads\/LDZ-Wasserfall-18.1.1983_5-1536x1326.jpg 1536w, https:\/\/www.deinsen.de\/wp-content\/uploads\/LDZ-Wasserfall-18.1.1983_5-2048x1768.jpg 2048w\" sizes=\"auto, (max-width: 2560px) 100vw, 2560px\" \/><figcaption class=\"wp-element-caption\">Foto: LDZ 18.1.19883 Am Wasserfall<\/figcaption><\/figure>\n\n\n\n<p>Die <a href=\"https:\/\/www.deinsen.de\/?p=3194\" data-type=\"link\" data-id=\"https:\/\/www.deinsen.de\/?p=3194\"><strong>Leine-Deister-Zeitung berichtete am 6. Februar 1901<\/strong><\/a> von einem gro\u00dfen Ereignis: dem Verkauf von Hof und M\u00fchle mit 2 G\u00e4ngen, mitsamt 54 Morgen Land, Holzrechten, zwei Mahlg\u00e4ngen und einer Reinigungsmaschine \u2013 versteigert im Gasthof Hampe. Ein St\u00fcck Deinser Geschichte wechselte damals den Besitzer.<\/p>\n\n\n\n<p>Nach dem Ersten Weltkrieg kam das Aus: Mit dem technischen Fortschritt r\u00fcsteten viele Landwirte auf eigene Schrotm\u00fchlen um \u2013 die Wasserm\u00fchle verlor ihre wirtschaftliche Bedeutung. <strong>Mitte der 1920er Jahre<\/strong> wurde der Betrieb schlie\u00dflich eingestellt.<\/p>\n\n\n\n<p>Heute erinnert kaum noch etwas an diesen einst so wichtigen Ort. Die Geb\u00e4ude, die sich heute hier befinden, lassen die Geschichte der alten M\u00fchle nicht mehr erkennen. Doch wer genau hinschaut, entdeckt an der heutigen Hofanlage noch eine <strong>Inschrift im Mauerwerk<\/strong>, die stumm von der Vergangenheit erz\u00e4hlt.<\/p>\n\n\n\n<figure class=\"wp-block-image\"><img loading=\"lazy\" decoding=\"async\" width=\"1024\" height=\"356\" src=\"https:\/\/www.deinsen.de\/wp-content\/uploads\/ueber die Jahre\/vor 1900\/Knolle-Muehle-2-.jpg\" alt=\"\" class=\"wp-image-3219\" srcset=\"https:\/\/www.deinsen.de\/wp-content\/uploads\/ueber%20die%20Jahre\/vor%201900\/Knolle-Muehle-2-.jpg 1024w, https:\/\/www.deinsen.de\/wp-content\/uploads\/ueber%20die%20Jahre\/vor%201900\/Knolle-Muehle-2--300x104.jpg 300w, https:\/\/www.deinsen.de\/wp-content\/uploads\/ueber%20die%20Jahre\/vor%201900\/Knolle-Muehle-2--768x267.jpg 768w\" sizes=\"auto, (max-width: 1024px) 100vw, 1024px\" \/><figcaption class=\"wp-element-caption\">Inschrift: Knolle geb. Pape<\/figcaption><\/figure>\n\n\n\n<p>Und in den Erinnerungen der \u00e4lteren Dorfbewohner lebt sie weiter: die M\u00fchle an der Akebeke \u2013 mit ihrem Rauschen, ihrem Rhythmus, und dem Leben, das sie \u00fcber Generationen hinweg nach Deinsen brachte.<\/p>\n\n\n\n<figure class=\"wp-block-image\"><img loading=\"lazy\" decoding=\"async\" width=\"2560\" height=\"1690\" src=\"https:\/\/www.deinsen.de\/wp-content\/uploads\/Deinsen-1879_-Ausschnittkarte-scaled.jpg\" alt=\"\" class=\"wp-image-3708\" srcset=\"https:\/\/www.deinsen.de\/wp-content\/uploads\/Deinsen-1879_-Ausschnittkarte-scaled.jpg 2560w, https:\/\/www.deinsen.de\/wp-content\/uploads\/Deinsen-1879_-Ausschnittkarte-300x198.jpg 300w, https:\/\/www.deinsen.de\/wp-content\/uploads\/Deinsen-1879_-Ausschnittkarte-1024x676.jpg 1024w, https:\/\/www.deinsen.de\/wp-content\/uploads\/Deinsen-1879_-Ausschnittkarte-768x507.jpg 768w, https:\/\/www.deinsen.de\/wp-content\/uploads\/Deinsen-1879_-Ausschnittkarte-1536x1014.jpg 1536w, https:\/\/www.deinsen.de\/wp-content\/uploads\/Deinsen-1879_-Ausschnittkarte-2048x1352.jpg 2048w, https:\/\/www.deinsen.de\/wp-content\/uploads\/Deinsen-1879_-Ausschnittkarte-120x80.jpg 120w\" sizes=\"auto, (max-width: 2560px) 100vw, 2560px\" \/><figcaption class=\"wp-element-caption\">Ausschnitt Landkarte von 1879 (Quelle Heimatmuseum)<\/figcaption><\/figure>\n\n\n\n<p><strong>Quelle: https:\/\/kulturium.de\/Kulturatlas\/<\/strong><\/p>\n","protected":false},"excerpt":{"rendered":"<p>Zu finden: Unter der M\u00fchle 1 Erz\u00e4hlung zur ehemaligen M\u00fchle an der Akebeke in Deinsen Wenn man heute am Astweg entlang spaziert, ist von ihr nichts mehr zu sehen \u2013<\/p>\n","protected":false},"author":1,"featured_media":0,"parent":0,"menu_order":0,"comment_status":"closed","ping_status":"closed","template":"","meta":{"footnotes":""},"class_list":["post-3702","page","type-page","status-publish","hentry"],"_links":{"self":[{"href":"https:\/\/www.deinsen.de\/index.php?rest_route=\/wp\/v2\/pages\/3702","targetHints":{"allow":["GET"]}}],"collection":[{"href":"https:\/\/www.deinsen.de\/index.php?rest_route=\/wp\/v2\/pages"}],"about":[{"href":"https:\/\/www.deinsen.de\/index.php?rest_route=\/wp\/v2\/types\/page"}],"author":[{"embeddable":true,"href":"https:\/\/www.deinsen.de\/index.php?rest_route=\/wp\/v2\/users\/1"}],"replies":[{"embeddable":true,"href":"https:\/\/www.deinsen.de\/index.php?rest_route=%2Fwp%2Fv2%2Fcomments&post=3702"}],"version-history":[{"count":14,"href":"https:\/\/www.deinsen.de\/index.php?rest_route=\/wp\/v2\/pages\/3702\/revisions"}],"predecessor-version":[{"id":3901,"href":"https:\/\/www.deinsen.de\/index.php?rest_route=\/wp\/v2\/pages\/3702\/revisions\/3901"}],"wp:attachment":[{"href":"https:\/\/www.deinsen.de\/index.php?rest_route=%2Fwp%2Fv2%2Fmedia&parent=3702"}],"curies":[{"name":"wp","href":"https:\/\/api.w.org\/{rel}","templated":true}]}}