{"id":3743,"date":"2025-07-27T11:52:09","date_gmt":"2025-07-27T09:52:09","guid":{"rendered":"https:\/\/www.deinsen.de\/?page_id=3743"},"modified":"2025-08-28T18:19:10","modified_gmt":"2025-08-28T16:19:10","slug":"or-haeuser-und-ihre-bewohner-am-thie","status":"publish","type":"page","link":"https:\/\/www.deinsen.de\/?page_id=3743","title":{"rendered":"OR &#8211; H\u00e4user und ihre Bewohner am Thie"},"content":{"rendered":"\n<p>zu finden: Kreuzung Am Thie\/Gasse\/ Kirchstra\u00dfe\/ Alte M\u00fchlenstra\u00dfe<\/p>\n\n\n\n<p><strong>Ein Streifzug durch die Geschichte Deinsens \u2013 Am Thie<\/strong><\/p>\n\n\n\n<p>Willkommen am Thie \u2013 dem historischen Mittelpunkt des Dorfes Deinsen. Umgeben von jahrhundertealten H\u00f6fen und Fachwerkh\u00e4usern, erz\u00e4hlt dieser Platz von \u00fcber 300 Jahren lebendiger Dorfgeschichte. Hier schlug das gesellschaftliche, wirtschaftliche und kulturelle Herz der Dorfgemeinschaft.<\/p>\n\n\n\n<p>Die folgenden Informationen stammen aus einer Aufzeichnung von Erich Kreybohm sen. aus dem Jahr 1989. Er nutzte daf\u00fcr alte Dokumente und m\u00fcndliche \u00dcberlieferungen seiner Vorfahren.<br><a href=\"https:\/\/www.deinsen.de\/wp-content\/uploads\/ueber%20die%20Jahre\/1976-1989\/Am%20Thie\/Am-Thie_Deinsen.pdf\" target=\"_blank\" rel=\"noreferrer noopener\">PDF zur Quelle ansehen<\/a><\/p>\n\n\n\n<hr class=\"wp-block-separator has-alpha-channel-opacity\"\/>\n\n\n\n<p><strong>Der Hof Kreybohm<\/strong><\/p>\n\n\n\n<div class=\"wp-block-group is-vertical is-layout-flex wp-container-core-group-is-layout-8cf370e7 wp-block-group-is-layout-flex\">\n<figure class=\"wp-block-image\"><img loading=\"lazy\" decoding=\"async\" width=\"1000\" height=\"603\" src=\"https:\/\/www.deinsen.de\/wp-content\/uploads\/ueber die Jahre\/1976-1989\/Am Thie\/Deinsen_Am-Thie_1952.jpg\" alt=\"\" class=\"wp-image-1507\" srcset=\"https:\/\/www.deinsen.de\/wp-content\/uploads\/ueber%20die%20Jahre\/1976-1989\/Am%20Thie\/Deinsen_Am-Thie_1952.jpg 1000w, https:\/\/www.deinsen.de\/wp-content\/uploads\/ueber%20die%20Jahre\/1976-1989\/Am%20Thie\/Deinsen_Am-Thie_1952-300x181.jpg 300w, https:\/\/www.deinsen.de\/wp-content\/uploads\/ueber%20die%20Jahre\/1976-1989\/Am%20Thie\/Deinsen_Am-Thie_1952-768x463.jpg 768w\" sizes=\"auto, (max-width: 1000px) 100vw, 1000px\" \/><figcaption class=\"wp-element-caption\">Am Thie Quelle: Schaller 1952<\/figcaption><\/figure>\n\n\n\n<p>1892 errichtete die Familie Kreybohm ihr Haus auf dem Boden ihrer Vorfahren, die dort bereits im 16. Jahrhundert ans\u00e4ssig waren. Christoph Kreybohm (geb. 1793), B\u00fcrgermeister von 1844 bis 1856, war auch ein Veteran der Schlacht bei Waterloo (1815). F\u00fcr seine Tapferkeit erhielt er eine Medaille, die sich bis heute im Familienbesitz befindet. Sein Sohn Georg Kreybohm folgte ihm als B\u00fcrgermeister und \u00fcbte das Amt 40 Jahre lang, von 1856 bis 1895, aus. Die Familie f\u00fchrte \u00fcber f\u00fcnf Generationen hinweg einen landwirtschaftlichen Betrieb.<\/p>\n<\/div>\n\n\n\n<p>Ein weiterer Meilenstein war 1896 die Gr\u00fcndung der Spar- und Darlehnskasse Deinsen, die auch die umliegenden D\u00f6rfer umfasste. Bis in die 1980er-Jahre wurden Bankgesch\u00e4fte noch in der guten Stube bei Erich Kreybohm abgewickelt \u2013 damals in Verbindung mit der Bank in Eime.<\/p>\n\n\n\n<hr class=\"wp-block-separator has-alpha-channel-opacity\"\/>\n\n\n\n<p><strong>Das Haus der Familie Bothmann<\/strong><\/p>\n\n\n\n<div class=\"wp-block-group is-vertical is-layout-flex wp-container-core-group-is-layout-8cf370e7 wp-block-group-is-layout-flex\">\n<figure class=\"wp-block-image\"><img loading=\"lazy\" decoding=\"async\" width=\"450\" height=\"450\" src=\"https:\/\/www.deinsen.de\/wp-content\/uploads\/Hirtenhaus.jpg\" alt=\"\" class=\"wp-image-3745\" srcset=\"https:\/\/www.deinsen.de\/wp-content\/uploads\/Hirtenhaus.jpg 450w, https:\/\/www.deinsen.de\/wp-content\/uploads\/Hirtenhaus-300x300.jpg 300w, https:\/\/www.deinsen.de\/wp-content\/uploads\/Hirtenhaus-150x150.jpg 150w\" sizes=\"auto, (max-width: 450px) 100vw, 450px\" \/><figcaption class=\"wp-element-caption\">Foto: Verena Bloch \/Kulturatlas<\/figcaption><\/figure>\n\n\n\n<p>Direkt nebenan steht ein markantes Doppelhaus aus dem 17. Jahrhundert \u2013 urspr\u00fcnglich ein \u201eHierhius\u201c, also das Gemeindehaus f\u00fcr die Rinder- und Sauhirten. 1895 kaufte die Familie Bothmann, zugezogen aus Ockensen, das Geb\u00e4ude. Fritz Bothmann betrieb dort einen kleinen Laden und versorgte die Region per Pferd und Wagen. Der liebevoll erhaltene Fachwerkbau tr\u00e4gt bis heute zur Dorfversch\u00f6nerung bei.<\/p>\n<\/div>\n\n\n\n<hr class=\"wp-block-separator has-alpha-channel-opacity\"\/>\n\n\n\n<p><strong>Im Winkel \u2013 heute Familie Hahn<\/strong><\/p>\n\n\n\n<p>Auch das Haus \u201eIm Winkel\u201c stammt aus dem fr\u00fchen 17. Jahrhundert. Um 1930 wurden die handgefertigten Dachziegel durch neue ersetzt, sp\u00e4ter kam ein kleiner Anbau hinzu. Aufgrund der Eingemeindung zum Flecken Eime wurde die Stra\u00dfe in \u201eGasse\u201c umbenannt \u2013 denn der Name \u201eIm Winkel\u201c durfte in der Gemeinde nicht doppelt vorkommen. Drei Generationen der Familie T\u00f6nnies lebten hier. Heinrich T\u00f6nnies er\u00f6ffnete sp\u00e4ter einen Kurzwarenladen in der Schmiedestra\u00dfe.<\/p>\n\n\n\n<hr class=\"wp-block-separator has-alpha-channel-opacity\"\/>\n\n\n\n<p><strong>Am Thie \u2013 Hof Flentje\/Neumann und der Thie-Brunnen<\/strong><\/p>\n\n\n\n<div class=\"wp-block-group is-vertical is-layout-flex wp-container-core-group-is-layout-8cf370e7 wp-block-group-is-layout-flex\">\n<figure class=\"wp-block-image\"><img loading=\"lazy\" decoding=\"async\" width=\"1000\" height=\"447\" src=\"https:\/\/www.deinsen.de\/wp-content\/uploads\/ueber die Jahre\/1976-1989\/Am Thie\/Deinsen_Nr_52_1.jpg\" alt=\"\" class=\"wp-image-1509\" srcset=\"https:\/\/www.deinsen.de\/wp-content\/uploads\/ueber%20die%20Jahre\/1976-1989\/Am%20Thie\/Deinsen_Nr_52_1.jpg 1000w, https:\/\/www.deinsen.de\/wp-content\/uploads\/ueber%20die%20Jahre\/1976-1989\/Am%20Thie\/Deinsen_Nr_52_1-300x134.jpg 300w, https:\/\/www.deinsen.de\/wp-content\/uploads\/ueber%20die%20Jahre\/1976-1989\/Am%20Thie\/Deinsen_Nr_52_1-768x343.jpg 768w\" sizes=\"auto, (max-width: 1000px) 100vw, 1000px\" \/><figcaption class=\"wp-element-caption\">Am Thie Flentje\/heute Neumann Foto: Verena Bloch (Kulturium)<\/figcaption><\/figure>\n\n\n\n<p>Einer der \u00e4ltesten H\u00f6fe Deinsens steht ebenfalls am Thie und stammt aus dem sp\u00e4ten 17. Jahrhundert. W\u00e4hrend des Ersten Weltkriegs fertigte die dortige Tischlerei Meyer Holzsandalen, als keine Lederschuhe erh\u00e4ltlich waren. Sp\u00e4ter betrieb der Zimmermann Basse hier Landwirtschaft. Der Hof ist bis heute bewohnt.<\/p>\n<\/div>\n\n\n\n<hr class=\"wp-block-separator has-alpha-channel-opacity\"\/>\n\n\n\n<p><strong>Das alte F\u00f6rsterhaus<\/strong><\/p>\n\n\n\n<figure class=\"wp-block-image\"><img loading=\"lazy\" decoding=\"async\" width=\"1536\" height=\"1024\" src=\"https:\/\/www.deinsen.de\/wp-content\/uploads\/Lingnau-1961.jpg\" alt=\"\" class=\"wp-image-3751\" srcset=\"https:\/\/www.deinsen.de\/wp-content\/uploads\/Lingnau-1961.jpg 1536w, https:\/\/www.deinsen.de\/wp-content\/uploads\/Lingnau-1961-300x200.jpg 300w, https:\/\/www.deinsen.de\/wp-content\/uploads\/Lingnau-1961-1024x683.jpg 1024w, https:\/\/www.deinsen.de\/wp-content\/uploads\/Lingnau-1961-768x512.jpg 768w, https:\/\/www.deinsen.de\/wp-content\/uploads\/Lingnau-1961-120x80.jpg 120w\" sizes=\"auto, (max-width: 1536px) 100vw, 1536px\" \/><figcaption class=\"wp-element-caption\">Foto: Friedrich Vennekohl um 1950<\/figcaption><\/figure>\n\n\n\n<p>Gleich nebenan wurde im 17. Jahrhundert das F\u00f6rsterhaus errichtet. Der letzte F\u00f6rster war ein Herr von Seelen. Nach Aufl\u00f6sung der F\u00f6rsterei ging das Haus an Heinrich Bei\u00dfe \u00fcber, der es zun\u00e4chst als Arbeiterhaus nutzte, bevor es in den Besitz des Landarbeiters K. Marahrens \u00fcberging.<\/p>\n\n\n\n<hr class=\"wp-block-separator has-alpha-channel-opacity\"\/>\n\n\n\n<div class=\"wp-block-group is-vertical is-layout-flex wp-container-core-group-is-layout-8cf370e7 wp-block-group-is-layout-flex\">\n<figure class=\"wp-block-image\"><img loading=\"lazy\" decoding=\"async\" width=\"800\" height=\"537\" src=\"https:\/\/www.deinsen.de\/wp-content\/uploads\/ueber die Jahre\/1976-1989\/Am Thie\/Deinsen_Hof_Nr_27.jpg\" alt=\"\" class=\"wp-image-1508\" srcset=\"https:\/\/www.deinsen.de\/wp-content\/uploads\/ueber%20die%20Jahre\/1976-1989\/Am%20Thie\/Deinsen_Hof_Nr_27.jpg 800w, https:\/\/www.deinsen.de\/wp-content\/uploads\/ueber%20die%20Jahre\/1976-1989\/Am%20Thie\/Deinsen_Hof_Nr_27-300x201.jpg 300w, https:\/\/www.deinsen.de\/wp-content\/uploads\/ueber%20die%20Jahre\/1976-1989\/Am%20Thie\/Deinsen_Hof_Nr_27-768x516.jpg 768w, https:\/\/www.deinsen.de\/wp-content\/uploads\/ueber%20die%20Jahre\/1976-1989\/Am%20Thie\/Deinsen_Hof_Nr_27-120x80.jpg 120w\" sizes=\"auto, (max-width: 800px) 100vw, 800px\" \/><figcaption class=\"wp-element-caption\">wurde ca. 1990 abgerissen R\u00f6der\/Bei\u00dfe\/Heuer (Quelle Heimatstube Eime)<\/figcaption><\/figure>\n\n\n\n<p>Hinter dem Hof Kreybohm betrieb Adolf Bei\u00dfe eine kleine Landwirtschaft. Das Haus war aus dem 17. JH. Mitte des 19. JH brannte das alte Dach ab. Gel\u00f6scht wurde aus dem Thie-Brunnen. Bei\u00dfe besa\u00df 2 kleine Pferde und einen Kutschwagen. Damit machte er nebenberufliche \u201eTaxifahrten\u201c. Das Haus wurde um 1990 abgerissen.<\/p>\n<\/div>\n\n\n\n<p><\/p>\n","protected":false},"excerpt":{"rendered":"<p>zu finden: Kreuzung Am Thie\/Gasse\/ Kirchstra\u00dfe\/ Alte M\u00fchlenstra\u00dfe Ein Streifzug durch die Geschichte Deinsens \u2013 Am Thie Willkommen am Thie \u2013 dem historischen Mittelpunkt des Dorfes Deinsen. Umgeben von jahrhundertealten<\/p>\n","protected":false},"author":1,"featured_media":0,"parent":0,"menu_order":0,"comment_status":"closed","ping_status":"closed","template":"","meta":{"footnotes":""},"class_list":["post-3743","page","type-page","status-publish","hentry"],"_links":{"self":[{"href":"https:\/\/www.deinsen.de\/index.php?rest_route=\/wp\/v2\/pages\/3743","targetHints":{"allow":["GET"]}}],"collection":[{"href":"https:\/\/www.deinsen.de\/index.php?rest_route=\/wp\/v2\/pages"}],"about":[{"href":"https:\/\/www.deinsen.de\/index.php?rest_route=\/wp\/v2\/types\/page"}],"author":[{"embeddable":true,"href":"https:\/\/www.deinsen.de\/index.php?rest_route=\/wp\/v2\/users\/1"}],"replies":[{"embeddable":true,"href":"https:\/\/www.deinsen.de\/index.php?rest_route=%2Fwp%2Fv2%2Fcomments&post=3743"}],"version-history":[{"count":28,"href":"https:\/\/www.deinsen.de\/index.php?rest_route=\/wp\/v2\/pages\/3743\/revisions"}],"predecessor-version":[{"id":3895,"href":"https:\/\/www.deinsen.de\/index.php?rest_route=\/wp\/v2\/pages\/3743\/revisions\/3895"}],"wp:attachment":[{"href":"https:\/\/www.deinsen.de\/index.php?rest_route=%2Fwp%2Fv2%2Fmedia&parent=3743"}],"curies":[{"name":"wp","href":"https:\/\/api.w.org\/{rel}","templated":true}]}}