{"id":3754,"date":"2025-07-27T11:50:10","date_gmt":"2025-07-27T09:50:10","guid":{"rendered":"https:\/\/www.deinsen.de\/?page_id=3754"},"modified":"2025-10-17T11:03:34","modified_gmt":"2025-10-17T09:03:34","slug":"qr-das-1-schulhaus-in-deinsen","status":"publish","type":"page","link":"https:\/\/www.deinsen.de\/?page_id=3754","title":{"rendered":"QR &#8211; Das 1. Schulhaus in Deinsen"},"content":{"rendered":"\n<p>Zu finden: Kirchstra\u00dfe 2<\/p>\n\n\n\n<p><strong>gek\u00fcrzte Infos<\/strong><\/p>\n\n\n\n<p><strong>Das alte Schulhaus Deinsen<\/strong><br>Rechts neben Kirche und Pfarrhaus steht das ehemalige Schulhaus, erbaut 1868. Schon im 16. Jahrhundert wurden in Deinsen Kinder unterrichtet \u2013 zun\u00e4chst wenige Jungen durch den K\u00fcster-Schulmeister. Regelm\u00e4\u00dfiger Unterricht setzte sich erst nach 1845 durch.<\/p>\n\n\n\n<p>Das neue Schulhaus diente zugleich als Lehrerwohnung mit Garten und Obstwiese. Lehrer W. Flohr berichtet 1907, dass einst \u00fcber 100 Kinder in der einklassigen Schule lernten. Das Schulzimmer hatte Fenster nach S\u00fcden und Osten.<\/p>\n\n\n\n<p>Flohr beschreibt gute Lernbedingungen und wachsende Freude am Unterricht. Die Regierung empfahl, weniger Stoff, daf\u00fcr gr\u00fcndlicher zu lehren \u2013 mit mehr Denken, Erz\u00e4hlen, Rechnen und Mitwirken der Kinder.<\/p>\n\n\n\n<p>Quelle: <a href=\"https:\/\/kulturium.de\/Kulturatlas\/\">Kulturium.de \u2013 Kulturatlas<\/a><br>Fotos: Verena Bloch<br>******************************************************************************<\/p>\n\n\n\n<p><strong>ausf\u00fchrliche Infos<\/strong><\/p>\n\n\n\n<p>Direkt rechts neben dem Pfarrhaus und der Kirche schr\u00e4g gegen\u00fcber steht das alte Schulhaus von Deinsen.<\/p>\n\n\n\n<p>Laut Bericht einer Kirchenvisitation im Jahre 1585 wurden schon im 16. JH. Kinder in Deinsen unterrichtet. Erw\u00e4hnt wird ein Schulmeister, dem, wie zu dieser Zeit \u00fcblich, gleichzeitig die Aufgaben des K\u00fcsters und Schulmeisters \u00fcbertragen wurden, der zun\u00e4chst aber nur wenige Dorfjungen unterrichtete. Bis zur Einf\u00fchrung des Schulgesetztes 1845 brachten die Dorfbewohner dem regelm\u00e4\u00dfigen Schulbesuch vor allem aus wirtschaftlichen Gr\u00fcnden meist nur wenig Interesse entgegen. Die Mitarbeit der Kinder war notwendig und galt als selbstverst\u00e4ndlich, der Schulunterricht war zudem kostenpflichtig.<\/p>\n\n\n\n<p>In seiner Schulchronik aus dem Jahre 1907 kann Lehrer W. Flohr keine Angaben \u00fcber die Entwicklung des d\u00f6rflichen Schulwesens in der Zeit nach der Reformation in Erfahrung bringen. Er vermutet, dass auch in Deinsen die Kinder nur in den Sommermonaten und nur an wenigen Tagen unterrichtet wurden. Mit der Einf\u00fchrung des regelm\u00e4\u00dfigen Unterrichts jedoch besuchten zeitweise mehr als 100 Kinder die einklassige Deinser Schule.<\/p>\n\n\n\n<div class=\"wp-block-media-text is-stacked-on-mobile\"><figure class=\"wp-block-media-text__media\"><a href=\"https:\/\/www.deinsen.de\/wp-content\/uploads\/Schule_Kirchstr.jpg\"><img loading=\"lazy\" decoding=\"async\" width=\"1000\" height=\"750\" src=\"https:\/\/www.deinsen.de\/wp-content\/uploads\/Schule_Kirchstr.jpg\" alt=\"\" class=\"wp-image-3757 size-full\" srcset=\"https:\/\/www.deinsen.de\/wp-content\/uploads\/Schule_Kirchstr.jpg 1000w, https:\/\/www.deinsen.de\/wp-content\/uploads\/Schule_Kirchstr-300x225.jpg 300w, https:\/\/www.deinsen.de\/wp-content\/uploads\/Schule_Kirchstr-768x576.jpg 768w\" sizes=\"auto, (max-width: 1000px) 100vw, 1000px\" \/><\/a><\/figure><div class=\"wp-block-media-text__content\">\n<p>Das Schulhaus in der Kirchstra\u00dfe entstand 1868 und diente gleichzeitig als Wohnhaus f\u00fcr Lehrer und seine\/ihre Familie(n). Die Beschreibung des Geb\u00e4udes und der zugeh\u00f6rigen Anlagen sind trotz Ver\u00e4nderungen im Verlaufe der Jahre noch heute gut nachzuvollziehen: \u201e<em>Das Schulzimmer mit der Scheune ist an der Ostseite des Schulgeb\u00e4udes gebaut. An der S\u00fcdseite des Schulgeb\u00e4udes ist ein 6,50 a gro\u00dfer Obstgarten. Der Hausgarten am Wege nach L\u00fcbbrechtsen ist etwa 9,30 a gro\u00df. <\/em>(&#8230;)<em> Das Schulzimmer ist von dem Wohnhaus durch einen Flur getrennt. <\/em>(wie an den zwei Eing\u00e4ngen zu erkennen ist, Anm. d. Red.)<em> Unser Schulhaus, welches(&#8230;)samt dem Unterrichtszimmer erbaut worden ist, richtet seine Giebelseite so ziemlich nach Norden und S\u00fcden; der Eingang ist von der Nordseite, doch befinden sich die beiden Wohnzimmer (unten und oben) an der S\u00fcdseite. K\u00fcche und Speisekammer sind an der West- und Nordseite; au\u00dferdem befinden sich unten im Hause noch zwei Kammern, n\u00e4mlich eine kleine Kammer vorne neben dem Flur links<\/em>.\u201c<\/p>\n<\/div><\/div>\n\n\n\n<div class=\"wp-block-group is-nowrap is-layout-flex wp-container-core-group-is-layout-ad2f72ca wp-block-group-is-layout-flex\">\n<div class=\"wp-block-media-text is-stacked-on-mobile\"><figure class=\"wp-block-media-text__media\"><a href=\"https:\/\/www.deinsen.de\/wp-content\/uploads\/Schule-1-mit-Scheue.jpg\"><img loading=\"lazy\" decoding=\"async\" width=\"1000\" height=\"750\" src=\"https:\/\/www.deinsen.de\/wp-content\/uploads\/Schule-1-mit-Scheue.jpg\" alt=\"\" class=\"wp-image-3756 size-full\" srcset=\"https:\/\/www.deinsen.de\/wp-content\/uploads\/Schule-1-mit-Scheue.jpg 1000w, https:\/\/www.deinsen.de\/wp-content\/uploads\/Schule-1-mit-Scheue-300x225.jpg 300w, https:\/\/www.deinsen.de\/wp-content\/uploads\/Schule-1-mit-Scheue-768x576.jpg 768w\" sizes=\"auto, (max-width: 1000px) 100vw, 1000px\" \/><\/a><\/figure><div class=\"wp-block-media-text__content\">\n<p>Das Schulzimmer beschreibt Flohr als einen Raum mit Licht sowohl von der S\u00fcd- als auch der Ostseite. \u201e<em>An der S\u00fcdseite sind drei, an der Ostseite zwei Fenster<\/em>.\u201c Zwischen 1901 und 1909 besuchten zwischen 59 und 71 Kinder den Unterricht, wobei die Sch\u00fclerzahlen zwischenzeitlich auf \u00fcber 90 Kinder anstiegen.<\/p>\n<\/div><\/div>\n<\/div>\n\n\n\n<div class=\"wp-block-group is-nowrap is-layout-flex wp-container-core-group-is-layout-ad2f72ca wp-block-group-is-layout-flex\">\n<p> W\u00e4hrend seiner Amtszeit zeigt sich der Lehrer mit dem Schulbesuch der Dorfkinder als zufrieden, \u201e<em>der Gesundheitszustand der Kinder ist, Gott sei Dank, diese Jahre her ein guter gewesen<\/em>.\u201c Auch berichtet er von einer mittlerweile festgesetzten Ferienordnung, von Feiertagen, die er gemeinsam mit den Schulkindern gestaltet (z.B. Geburts- und Gedenktage Martin Luthers, des Kaisers\/Kaiserpaares und deutscher Dichter, Sedansfest) und von Pr\u00fcfungen, Schulausfl\u00fcgen und ersten Besuchen des Kreisarztes. Bemerkenswert sind auch die Empfehlungen der K\u00f6niglichen Regierung zu Hildesheim, die Lehr- und Stoffpl\u00e4ne daraufhin zu pr\u00fcfen, \u201e<em>da\u00df dieselben nicht zuviel Unterrichtsstoff enthalten. <\/em><br><em>Das, was unterrichtet wird, soll auch gr\u00fcndlich durchgearbeitet werden, alles Oberfl\u00e4chliche soll verkannt werden. Ferner sollen die Sch\u00fcler viel mehr zum Sprechen, Erz\u00e4hlen, Vortragen herangezogen werden, sowie auch zum Berechnen, Messen, Niederschreiben. Die Denkarbeit und Urteilskraft der Sch\u00fcler soll vielmehr in Anspruch genommen werden. Das, was in der Tat das Wichtigste im ganzen Schulleben ist, das Interesse der Sch\u00fcler mu\u00df wachsen. Ja, wenn ein frisches, fr\u00f6hliches Mitdabeisein der Kinder da ist, dann gedeiht unser Werk schon. <\/em>(&#8230;)<em> Der Lehrer soll nicht so viel reden, die Kinder desto mehr; der Lehrer soll nicht im \u00dcbereifer alles zeigen, erkl\u00e4ren, vormachen, sondern die Kinder sollen denken, suchen, mit forschen, gewandt werden im Gebrauch der Worte, der Feder, des Stifts oder der Bleifeder; sie sollen bef\u00e4higt werden, sich im sp\u00e4teren Leben zu helfen zu wissen<\/em>.\u201c<\/p>\n<\/div>\n\n\n\n<p><strong>Quelle: <a href=\"https:\/\/kulturium.de\/Kulturatlas\/\" target=\"_blank\" rel=\"noreferrer noopener\">https:\/\/kulturium.de\/Kulturatlas\/<\/a><\/strong> Fotos: Verena Bloch<\/p>\n\n\n\n<p><\/p>\n","protected":false},"excerpt":{"rendered":"<p>Zu finden: Kirchstra\u00dfe 2 gek\u00fcrzte Infos Das alte Schulhaus DeinsenRechts neben Kirche und Pfarrhaus steht das ehemalige Schulhaus, erbaut 1868. Schon im 16. Jahrhundert wurden in Deinsen Kinder unterrichtet \u2013<\/p>\n","protected":false},"author":1,"featured_media":0,"parent":0,"menu_order":0,"comment_status":"closed","ping_status":"closed","template":"","meta":{"footnotes":""},"class_list":["post-3754","page","type-page","status-publish","hentry"],"_links":{"self":[{"href":"https:\/\/www.deinsen.de\/index.php?rest_route=\/wp\/v2\/pages\/3754","targetHints":{"allow":["GET"]}}],"collection":[{"href":"https:\/\/www.deinsen.de\/index.php?rest_route=\/wp\/v2\/pages"}],"about":[{"href":"https:\/\/www.deinsen.de\/index.php?rest_route=\/wp\/v2\/types\/page"}],"author":[{"embeddable":true,"href":"https:\/\/www.deinsen.de\/index.php?rest_route=\/wp\/v2\/users\/1"}],"replies":[{"embeddable":true,"href":"https:\/\/www.deinsen.de\/index.php?rest_route=%2Fwp%2Fv2%2Fcomments&post=3754"}],"version-history":[{"count":13,"href":"https:\/\/www.deinsen.de\/index.php?rest_route=\/wp\/v2\/pages\/3754\/revisions"}],"predecessor-version":[{"id":4046,"href":"https:\/\/www.deinsen.de\/index.php?rest_route=\/wp\/v2\/pages\/3754\/revisions\/4046"}],"wp:attachment":[{"href":"https:\/\/www.deinsen.de\/index.php?rest_route=%2Fwp%2Fv2%2Fmedia&parent=3754"}],"curies":[{"name":"wp","href":"https:\/\/api.w.org\/{rel}","templated":true}]}}