{"id":3780,"date":"2025-07-28T16:10:19","date_gmt":"2025-07-28T14:10:19","guid":{"rendered":"https:\/\/www.deinsen.de\/?page_id=3780"},"modified":"2025-11-17T12:08:35","modified_gmt":"2025-11-17T11:08:35","slug":"or-nikolaikirche","status":"publish","type":"page","link":"https:\/\/www.deinsen.de\/?page_id=3780","title":{"rendered":"OR &#8211; Nikolaikirche"},"content":{"rendered":"\n<p> Zu finden: Kirchstra\u00dfe<\/p>\n\n\n\n<div class=\"wp-block-media-text is-stacked-on-mobile\" style=\"grid-template-columns:38% auto\"><figure class=\"wp-block-media-text__media\"><img loading=\"lazy\" decoding=\"async\" width=\"915\" height=\"1024\" src=\"https:\/\/www.deinsen.de\/wp-content\/uploads\/PXL_20250405_143542105.jpg\" alt=\"\" class=\"wp-image-3620 size-full\" srcset=\"https:\/\/www.deinsen.de\/wp-content\/uploads\/PXL_20250405_143542105.jpg 915w, https:\/\/www.deinsen.de\/wp-content\/uploads\/PXL_20250405_143542105-268x300.jpg 268w, https:\/\/www.deinsen.de\/wp-content\/uploads\/PXL_20250405_143542105-768x859.jpg 768w\" sizes=\"auto, (max-width: 915px) 100vw, 915px\" \/><\/figure><div class=\"wp-block-media-text__content\">\n<p>Kirchenschiff und Turm der Nikolaikirche in Deinsen stammen aus unterschiedlichen Bauepochen. Von einer \u00e4lteren Kirche blieb ein mittelalterlicher quergelagerter Turm mit Treppengiebeln erhalten. Der untere romanische Teil des Westturmes geht auf das 12. Jh. zur\u00fcck, w\u00e4hrend die oberen Geschosse im 14. Jh. entstanden. Im Glockengeschoss hat der Turm auf den Giebelseiten jeweils eine und auf der Westseite zwei Doppel-Schall\u00f6ffnungen, wobei die Trennungspfeiler der West\u00f6ffnungen herausgebrochen wurden. Urspr\u00fcnglich hatte der Turm im Erdgeschoss drei rundbogige Eing\u00e4nge, die zu unterschiedlichen Zeiten entstanden und von denen sp\u00e4ter zwei zugemauert wurden. Lediglich das in der ersten H\u00e4lfte des 16. Jh. gebrochene S\u00fcdportal hat heute noch eine T\u00fcr\u00f6ffnung, deren Holzt\u00fcr k\u00fcrzlich erneuert wurde. Die alte T\u00fcr hat einen neuen Platz im hinteren Kirchenschiff bekommen und wird dort sehr sch\u00f6n als Pr\u00e4sentationsm\u00f6bel genutzt.<\/p>\n<\/div><\/div>\n\n\n\n<div class=\"wp-block-media-text is-stacked-on-mobile\" style=\"grid-template-columns:37% auto\"><figure class=\"wp-block-media-text__media\"><img loading=\"lazy\" decoding=\"async\" width=\"667\" height=\"1000\" src=\"https:\/\/www.deinsen.de\/wp-content\/uploads\/Taufbecken-1636.jpg\" alt=\"\" class=\"wp-image-3785 size-full\" srcset=\"https:\/\/www.deinsen.de\/wp-content\/uploads\/Taufbecken-1636.jpg 667w, https:\/\/www.deinsen.de\/wp-content\/uploads\/Taufbecken-1636-200x300.jpg 200w\" sizes=\"auto, (max-width: 667px) 100vw, 667px\" \/><\/figure><div class=\"wp-block-media-text__content\">\n<p>Der sechseckige Taufstein im Chor aus dem Jahre 1636 tr\u00e4gt im Beckenrand die Datierung und die Initialen und Zeichen des Steinmetzes. Auf der Beckenwandung sind in einer goldenen Inschrift die Stifternamen (Petrus Caesius \u2013 damals Pastor in Deinsen \u2013, Henni Tilen, Hans Husing und Hinrich Issen) und der Vers aus Mk.16.16 zu lesen.<\/p>\n<\/div><\/div>\n\n\n\n<div class=\"wp-block-media-text is-stacked-on-mobile\" style=\"grid-template-columns:37% auto\"><figure class=\"wp-block-media-text__media\"><img loading=\"lazy\" decoding=\"async\" width=\"1000\" height=\"667\" src=\"https:\/\/www.deinsen.de\/wp-content\/uploads\/Furtwaengler-Orgel-1846_1848.jpg\" alt=\"\" class=\"wp-image-3786 size-full\" srcset=\"https:\/\/www.deinsen.de\/wp-content\/uploads\/Furtwaengler-Orgel-1846_1848.jpg 1000w, https:\/\/www.deinsen.de\/wp-content\/uploads\/Furtwaengler-Orgel-1846_1848-300x200.jpg 300w, https:\/\/www.deinsen.de\/wp-content\/uploads\/Furtwaengler-Orgel-1846_1848-768x512.jpg 768w, https:\/\/www.deinsen.de\/wp-content\/uploads\/Furtwaengler-Orgel-1846_1848-120x80.jpg 120w\" sizes=\"auto, (max-width: 1000px) 100vw, 1000px\" \/><\/figure><div class=\"wp-block-media-text__content\">\n<p>Auf der West-, S\u00fcd- und Nordseite hat die Kirche Emporen aus Tannenholz, die in denselben Farben wie der Kanzelaltar bemalt sind. S\u00fcd- und Nordempore sind bestuhlt, auf der Westempore befindet sich eine 1848 von Philipp Furtw\u00e4ngler aus Elze erbaute Orgel, \u00fcber die <a href=\"https:\/\/kulturium.de\/index.php?La=1&amp;object=tx,2364.4037.1&amp;kat=&amp;kuo=2&amp;sub=0\"><em>hier<\/em><\/a> weitere Details zu erfahren sind.<\/p>\n<\/div><\/div>\n\n\n\n<p><strong>Quelle: <\/strong><a href=\"https:\/\/kulturium.de\/index.php?object=tx%7c2364.104&amp;ModID=9&amp;max=100&amp;k_sub=1&amp;NavID=2364.9&amp;kat=2364.6&amp;loc=Deinsen&amp;FID=2364.1647.1\">https:\/\/kulturium.de\/index.php?object=tx%7c2364.104&amp;ModID=9&amp;max=100&amp;k_sub=1&amp;NavID=2364.9&amp;kat=2364.6&amp;loc=Deinsen&amp;FID=2364.1647.1<\/a><br>Fotos: Verena Bloch<\/p>\n","protected":false},"excerpt":{"rendered":"<p>Zu finden: Kirchstra\u00dfe Kirchenschiff und Turm der Nikolaikirche in Deinsen stammen aus unterschiedlichen Bauepochen. Von einer \u00e4lteren Kirche blieb ein mittelalterlicher quergelagerter Turm mit Treppengiebeln erhalten. Der untere romanische Teil<\/p>\n","protected":false},"author":1,"featured_media":0,"parent":0,"menu_order":0,"comment_status":"closed","ping_status":"closed","template":"","meta":{"footnotes":""},"class_list":["post-3780","page","type-page","status-publish","hentry"],"_links":{"self":[{"href":"https:\/\/www.deinsen.de\/index.php?rest_route=\/wp\/v2\/pages\/3780","targetHints":{"allow":["GET"]}}],"collection":[{"href":"https:\/\/www.deinsen.de\/index.php?rest_route=\/wp\/v2\/pages"}],"about":[{"href":"https:\/\/www.deinsen.de\/index.php?rest_route=\/wp\/v2\/types\/page"}],"author":[{"embeddable":true,"href":"https:\/\/www.deinsen.de\/index.php?rest_route=\/wp\/v2\/users\/1"}],"replies":[{"embeddable":true,"href":"https:\/\/www.deinsen.de\/index.php?rest_route=%2Fwp%2Fv2%2Fcomments&post=3780"}],"version-history":[{"count":6,"href":"https:\/\/www.deinsen.de\/index.php?rest_route=\/wp\/v2\/pages\/3780\/revisions"}],"predecessor-version":[{"id":4081,"href":"https:\/\/www.deinsen.de\/index.php?rest_route=\/wp\/v2\/pages\/3780\/revisions\/4081"}],"wp:attachment":[{"href":"https:\/\/www.deinsen.de\/index.php?rest_route=%2Fwp%2Fv2%2Fmedia&parent=3780"}],"curies":[{"name":"wp","href":"https:\/\/api.w.org\/{rel}","templated":true}]}}