{"id":3794,"date":"2025-07-28T16:16:54","date_gmt":"2025-07-28T14:16:54","guid":{"rendered":"https:\/\/www.deinsen.de\/?page_id=3794"},"modified":"2025-08-28T18:58:31","modified_gmt":"2025-08-28T16:58:31","slug":"qr-schule-am-klei","status":"publish","type":"page","link":"https:\/\/www.deinsen.de\/?page_id=3794","title":{"rendered":"QR &#8211; Schule am Klei"},"content":{"rendered":"\n<p><br>Zu finden: Lange Str. 17<br><br>Die Schule befindet sich direkt in der Dorfmitte. Die zweite Schule entstand 1914 in der Lange Str. 17. Hier wurden die Deinser Kinder bis zur Fertigstellung des dritten Schulgeb\u00e4udes im Jahre 1958 unterrichtet.<\/p>\n\n\n\n<div class=\"wp-block-media-text is-stacked-on-mobile\"><figure class=\"wp-block-media-text__media\"><a href=\"https:\/\/www.deinsen.de\/wp-content\/uploads\/Schule-am-Klei.png\"><img loading=\"lazy\" decoding=\"async\" width=\"507\" height=\"398\" src=\"https:\/\/www.deinsen.de\/wp-content\/uploads\/Schule-am-Klei.png\" alt=\"\" class=\"wp-image-3795 size-full\" srcset=\"https:\/\/www.deinsen.de\/wp-content\/uploads\/Schule-am-Klei.png 507w, https:\/\/www.deinsen.de\/wp-content\/uploads\/Schule-am-Klei-300x236.png 300w\" sizes=\"auto, (max-width: 507px) 100vw, 507px\" \/><\/a><\/figure><div class=\"wp-block-media-text__content\">\n<p>Der damalige Lehrer Kaye hat in der Schule am Kirchbrink gewohnt&nbsp; und in der neuen Schule bis 1946 unterrichtet.<br>Die Schulzeit betrug 8 Jahre.<\/p>\n\n\n\n<p>1945 wurde die Schule von den Amerikanern belegt und die Kinder wurden in der Schule am Kirchbrink unterrichtet.<br>Foto: Fr. Vennekohl<\/p>\n<\/div><\/div>\n\n\n\n<div class=\"wp-block-media-text is-stacked-on-mobile\"><figure class=\"wp-block-media-text__media\"><a href=\"https:\/\/www.deinsen.de\/wp-content\/uploads\/Deinsen_Nr_24-Schule-am-Klei.jpg\"><img loading=\"lazy\" decoding=\"async\" width=\"993\" height=\"1024\" src=\"https:\/\/www.deinsen.de\/wp-content\/uploads\/Deinsen_Nr_24-Schule-am-Klei-993x1024.jpg\" alt=\"\" class=\"wp-image-3796 size-full\" srcset=\"https:\/\/www.deinsen.de\/wp-content\/uploads\/Deinsen_Nr_24-Schule-am-Klei-993x1024.jpg 993w, https:\/\/www.deinsen.de\/wp-content\/uploads\/Deinsen_Nr_24-Schule-am-Klei-291x300.jpg 291w, https:\/\/www.deinsen.de\/wp-content\/uploads\/Deinsen_Nr_24-Schule-am-Klei-768x792.jpg 768w, https:\/\/www.deinsen.de\/wp-content\/uploads\/Deinsen_Nr_24-Schule-am-Klei.jpg 1000w\" sizes=\"auto, (max-width: 993px) 100vw, 993px\" \/><\/a><\/figure><div class=\"wp-block-media-text__content\">\n<p>1958 wurde das Geb\u00e4ude mit dem dazugeh\u00f6rigen Flurst\u00fcck an<br>Fritz Vennekohl verkauft. Dessen Hofgeb\u00e4ude waren gerade abgebrannt und er wollte sein Hofgrundst\u00fcck erweitern um gro\u00dfz\u00fcgigere Wirtschaftsgeb\u00e4ude errichten zu k\u00f6nnen. Die Schule wurde sp\u00e4ter als Mietshaus umgebaut.<\/p>\n\n\n\n<p>Foto: Verena Bloch<\/p>\n\n\n\n<p>Quelle: <a href=\"https:\/\/kulturium.de\/kulturatlas\">https:\/\/kulturium.de\/kulturatlas<\/a> <\/p>\n<\/div><\/div>\n","protected":false},"excerpt":{"rendered":"<p>Zu finden: Lange Str. 17 Die Schule befindet sich direkt in der Dorfmitte. Die zweite Schule entstand 1914 in der Lange Str. 17. Hier wurden die Deinser Kinder bis zur<\/p>\n","protected":false},"author":1,"featured_media":0,"parent":0,"menu_order":0,"comment_status":"closed","ping_status":"closed","template":"","meta":{"footnotes":""},"class_list":["post-3794","page","type-page","status-publish","hentry"],"_links":{"self":[{"href":"https:\/\/www.deinsen.de\/index.php?rest_route=\/wp\/v2\/pages\/3794","targetHints":{"allow":["GET"]}}],"collection":[{"href":"https:\/\/www.deinsen.de\/index.php?rest_route=\/wp\/v2\/pages"}],"about":[{"href":"https:\/\/www.deinsen.de\/index.php?rest_route=\/wp\/v2\/types\/page"}],"author":[{"embeddable":true,"href":"https:\/\/www.deinsen.de\/index.php?rest_route=\/wp\/v2\/users\/1"}],"replies":[{"embeddable":true,"href":"https:\/\/www.deinsen.de\/index.php?rest_route=%2Fwp%2Fv2%2Fcomments&post=3794"}],"version-history":[{"count":5,"href":"https:\/\/www.deinsen.de\/index.php?rest_route=\/wp\/v2\/pages\/3794\/revisions"}],"predecessor-version":[{"id":3902,"href":"https:\/\/www.deinsen.de\/index.php?rest_route=\/wp\/v2\/pages\/3794\/revisions\/3902"}],"wp:attachment":[{"href":"https:\/\/www.deinsen.de\/index.php?rest_route=%2Fwp%2Fv2%2Fmedia&parent=3794"}],"curies":[{"name":"wp","href":"https:\/\/api.w.org\/{rel}","templated":true}]}}