{"id":3813,"date":"2025-07-28T16:14:11","date_gmt":"2025-07-28T14:14:11","guid":{"rendered":"https:\/\/www.deinsen.de\/?page_id=3813"},"modified":"2026-03-16T13:08:31","modified_gmt":"2026-03-16T12:08:31","slug":"qr-ehemaliges-gasthaus-hampe","status":"publish","type":"page","link":"https:\/\/www.deinsen.de\/?page_id=3813","title":{"rendered":"QR &#8211; ehemaliges Gasthaus Hampe"},"content":{"rendered":"\n<p>Zu finden: Lange Str.13<\/p>\n\n\n\n<p>Wenn Sie heute vor dem gro\u00dfen Haus in der Lange Stra\u00dfe 13 stehen, w\u00fcrden Sie kaum erahnen, dass dieses Geb\u00e4ude einst ein lebendiger Mittelpunkt des Deinser Dorflebens war \u2013 ein traditionsreicher Gasthof, Treffpunkt, Tanzsaal, Laden und sogar Postfiliale.<\/p>\n\n\n\n<p>Alles begann im Jahr 1817, als Wilhelm Hampe aus Gro\u00df-Lengede nach Deinsen kam, um Johanne Louise Wei\u00dfenborn zu heiraten. Mit ihr \u00fcbernahm er das Grundst\u00fcck \u2013 damals noch mit der Hausnummer 17. Bereits ein Jahr sp\u00e4ter, 1818, er\u00f6ffnete er seine Gastwirtschaft. Genau 100 Jahre sp\u00e4ter, im April 1918, feierte die Familie dieses Jubil\u00e4um mit einer Urkunde des Deutschen Gastwirts-Verbands \u2013 \u00fcberreicht an Georg Hampe, einen Nachfahren des Gr\u00fcnders.<\/p>\n\n\n\n<figure class=\"wp-block-image\"><img loading=\"lazy\" decoding=\"async\" width=\"450\" height=\"341\" src=\"https:\/\/www.deinsen.de\/wp-content\/uploads\/Urkunde-Hampe-e1753706094233.jpg\" alt=\"\" class=\"wp-image-3814\" srcset=\"https:\/\/www.deinsen.de\/wp-content\/uploads\/Urkunde-Hampe-e1753706094233.jpg 450w, https:\/\/www.deinsen.de\/wp-content\/uploads\/Urkunde-Hampe-e1753706094233-300x227.jpg 300w\" sizes=\"auto, (max-width: 450px) 100vw, 450px\" \/><\/figure>\n\n\n\n<p>Neben dem Gasthof betrieb Louises Vater eine Tischlerei auf demselben Gel\u00e4nde. Diese ging sp\u00e4ter ebenfalls in die H\u00e4nde der Familie Hampe \u00fcber. In den folgenden Jahrzehnten wurde das Geb\u00e4ude mehrfach erweitert und umgebaut. Besonders erw\u00e4hnenswert: ein gro\u00dfer Tanzsaal im Obergeschoss, den man \u00fcber eine Au\u00dfentreppe vom Garten aus erreichte. Hier fanden Versammlungen und Feierlichkeiten statt \u2013 unter anderem die kaiserlichen Geburtstagsfeiern, wie sie die <em>Leine-Deister-Zeitung<\/em> 1897 schilderte.<\/p>\n\n\n\n<p>Zwischen 1885 und 1899 richtete die Familie zus\u00e4tzlich einen Gemischtwarenladen ein \u2013 erreichbar von der heutigen Stra\u00dfe &#8222;Hinter der Kirche&#8220;. Hier konnten die Deinser ihre Eink\u00e4ufe erledigen, zur Post gehen und Neuigkeiten austauschen. Im Adressbuch jener Zeit ist Georg Hampe als \u201eHokenh\u00e4ndler\u201c verzeichnet.<\/p>\n\n\n\n<figure class=\"wp-block-image\"><img loading=\"lazy\" decoding=\"async\" width=\"2560\" height=\"1920\" src=\"https:\/\/www.deinsen.de\/wp-content\/uploads\/IMG_1881-scaled.jpg\" alt=\"\" class=\"wp-image-3815\" srcset=\"https:\/\/www.deinsen.de\/wp-content\/uploads\/IMG_1881-scaled.jpg 2560w, https:\/\/www.deinsen.de\/wp-content\/uploads\/IMG_1881-300x225.jpg 300w, https:\/\/www.deinsen.de\/wp-content\/uploads\/IMG_1881-1024x768.jpg 1024w, https:\/\/www.deinsen.de\/wp-content\/uploads\/IMG_1881-768x576.jpg 768w, https:\/\/www.deinsen.de\/wp-content\/uploads\/IMG_1881-1536x1152.jpg 1536w, https:\/\/www.deinsen.de\/wp-content\/uploads\/IMG_1881-2048x1536.jpg 2048w\" sizes=\"auto, (max-width: 2560px) 100vw, 2560px\" \/><figcaption class=\"wp-element-caption\">Postkarte um 1881 <\/figcaption><\/figure>\n\n\n\n<p>Doch es war Georg Hampe junior, der mit einer echten Innovation Geschichte schrieb: 1954 er\u00f6ffnete er den <strong>ersten l\u00e4ndlichen Selbstbedienungsladen der Bundesrepublik<\/strong> \u2013 noch bevor es solche Konzepte in vielen St\u00e4dten gab. In einem Zeitungsartikel hei\u00dft es begeistert, dass \u201eHausfrauen Zeit gewinnen, Ruhe finden und selbst Verk\u00e4ufer sind \u2013 ohne Druck oder Gedr\u00e4ngel.\u201c Ein modernes Einkaufserlebnis, das seiner Zeit weit voraus war.<\/p>\n\n\n\n<figure class=\"wp-block-image\"><img loading=\"lazy\" decoding=\"async\" width=\"1000\" height=\"750\" src=\"https:\/\/www.deinsen.de\/wp-content\/uploads\/Hampe-2.jpg\" alt=\"\" class=\"wp-image-3816\" srcset=\"https:\/\/www.deinsen.de\/wp-content\/uploads\/Hampe-2.jpg 1000w, https:\/\/www.deinsen.de\/wp-content\/uploads\/Hampe-2-300x225.jpg 300w, https:\/\/www.deinsen.de\/wp-content\/uploads\/Hampe-2-768x576.jpg 768w\" sizes=\"auto, (max-width: 1000px) 100vw, 1000px\" \/><figcaption class=\"wp-element-caption\">re.1. Selbstbedienungsladen, li. Gastwirtschaft<\/figcaption><\/figure>\n\n\n\n<p>1957 entschieden sich Georg und Helga Hampe, die Gastwirtschaft zu verpachten und begannen mit dem Obstbau \u2013 Erdbeeren, Kirschen, \u00c4pfel und Johannisbeeren. In einer umgebauten Scheune entstand eine Mosterei. Der Laden und die Obstplantage pr\u00e4gten das Familiengesch\u00e4ft bis 1985. Der Gasthofbetrieb hingegen endete 1971.<\/p>\n\n\n\n<p>1995 \u00fcbernahm Tochter Ute das Haus \u2013 heute wohnen drei Generationen der Familie Hampe darin. Die alte Fachwerkfassade zur Stra\u00dfe wurde inzwischen mit Schieferplatten verkleidet, doch vom Garten aus erkennt man sie noch: die sichtbaren Spuren des alten Deinser Gasthofs \u2013 ein Ort mit Herz, Geschichte und gro\u00dfer Bedeutung f\u00fcr das Dorfleben.<\/p>\n\n\n\n<hr class=\"wp-block-separator has-alpha-channel-opacity\"\/>\n\n\n\n<p>Q<strong>uelle: <a href=\"https:\/\/kulturium.de\/Kulturatlas\/\">https:\/\/kulturium.de\/Kulturatlas\/<\/a><\/strong><\/p>\n","protected":false},"excerpt":{"rendered":"<p>Zu finden: Lange Str.13 Wenn Sie heute vor dem gro\u00dfen Haus in der Lange Stra\u00dfe 13 stehen, w\u00fcrden Sie kaum erahnen, dass dieses Geb\u00e4ude einst ein lebendiger Mittelpunkt des Deinser<\/p>\n","protected":false},"author":1,"featured_media":0,"parent":0,"menu_order":0,"comment_status":"closed","ping_status":"closed","template":"","meta":{"footnotes":""},"class_list":["post-3813","page","type-page","status-publish","hentry"],"_links":{"self":[{"href":"https:\/\/www.deinsen.de\/index.php?rest_route=\/wp\/v2\/pages\/3813","targetHints":{"allow":["GET"]}}],"collection":[{"href":"https:\/\/www.deinsen.de\/index.php?rest_route=\/wp\/v2\/pages"}],"about":[{"href":"https:\/\/www.deinsen.de\/index.php?rest_route=\/wp\/v2\/types\/page"}],"author":[{"embeddable":true,"href":"https:\/\/www.deinsen.de\/index.php?rest_route=\/wp\/v2\/users\/1"}],"replies":[{"embeddable":true,"href":"https:\/\/www.deinsen.de\/index.php?rest_route=%2Fwp%2Fv2%2Fcomments&post=3813"}],"version-history":[{"count":4,"href":"https:\/\/www.deinsen.de\/index.php?rest_route=\/wp\/v2\/pages\/3813\/revisions"}],"predecessor-version":[{"id":4187,"href":"https:\/\/www.deinsen.de\/index.php?rest_route=\/wp\/v2\/pages\/3813\/revisions\/4187"}],"wp:attachment":[{"href":"https:\/\/www.deinsen.de\/index.php?rest_route=%2Fwp%2Fv2%2Fmedia&parent=3813"}],"curies":[{"name":"wp","href":"https:\/\/api.w.org\/{rel}","templated":true}]}}