{"id":3994,"date":"2025-09-27T12:49:38","date_gmt":"2025-09-27T10:49:38","guid":{"rendered":"https:\/\/www.deinsen.de\/?page_id=3994"},"modified":"2025-09-27T12:49:38","modified_gmt":"2025-09-27T10:49:38","slug":"qr-fata-morgana-bodenkunstschatz","status":"publish","type":"page","link":"https:\/\/www.deinsen.de\/?page_id=3994","title":{"rendered":"QR &#8211; Fata Morgana &#8222;Bodenkunstschatz&#8220;"},"content":{"rendered":"\n<p>zu finden: Den Astweg zum K\u00fclf folgen und auf halber H\u00f6he links den Wirtschaftsweg abbiegen. <\/p>\n\n\n\n<figure class=\"wp-block-image size-large\"><img loading=\"lazy\" decoding=\"async\" width=\"1024\" height=\"768\" src=\"https:\/\/www.deinsen.de\/wp-content\/uploads\/Fata-Morgana-1024x768.jpg\" alt=\"\" class=\"wp-image-3963\" srcset=\"https:\/\/www.deinsen.de\/wp-content\/uploads\/Fata-Morgana-1024x768.jpg 1024w, https:\/\/www.deinsen.de\/wp-content\/uploads\/Fata-Morgana-300x225.jpg 300w, https:\/\/www.deinsen.de\/wp-content\/uploads\/Fata-Morgana-768x576.jpg 768w, https:\/\/www.deinsen.de\/wp-content\/uploads\/Fata-Morgana.jpg 1200w\" sizes=\"auto, (max-width: 1024px) 100vw, 1024px\" \/><\/figure>\n\n\n\n<p>(11.08.2025) Mitten in der weiten Landschaft am K\u00fclf &nbsp;bei Deinsen ist ein neuer k\u00fcnstlerischer Blickfang entstanden: Die niederl\u00e4ndische K\u00fcnstlerin <strong>Karin van der Molen<\/strong> hat ihre Installation <em>\u201eFata Morgana\u201c<\/em> vollendet \u2013 eines von zehn Kunstwerken des Projekts <strong>BodenKunstSch\u00e4tze<\/strong> im Landkreis Hildesheim.<\/p>\n\n\n\n<p><strong>Spontane Er\u00f6ffnung mit Dorfbezug<\/strong><\/p>\n\n\n\n<p>Zur Fertigstellung des Kunstwerks versammelten sich spontan interessierte Bewohnerinnen und Bewohner aus Deinsen direkt vor Ort. Nach einer kurzen Begr\u00fc\u00dfung durch <strong>Ortrud Michael<\/strong>, Dorfmoderatorin in Deinsen,  erz\u00e4hlte Karin van der Molen selbst, warum sie sich f\u00fcr dieses Werk entschied:<\/p>\n\n\n\n<p>Die Arbeit besteht aus drei transparenten Heuhaufenformen, die wie stille Erinnerungen an vergangene Zeiten wirken. Einst pr\u00e4gten solche Heuhaufen die Felder der Region \u2013 Sinnbilder f\u00fcr das enge Miteinander von Mensch, Tier und Erde. Heute sind sie aus dem Landschaftsbild verschwunden. In van der Molens Installation tauchen sie neu auf: nicht mehr als praktische Objekte, sondern als fragile, durchscheinende Kunstwerke. Sie erscheinen fl\u00fcchtig, fast unwirklich \u2013 wie eine Fata Morgana, die zugleich von Geschichte erz\u00e4hlt und den Blick f\u00fcr die Landschaft neu \u00f6ffnet.<\/p>\n\n\n\n<p>Feierlich \u00fcbergab die K\u00fcnstlerin ihre Installation in die Obhut von <strong>Andreas Stucke<\/strong>, dem Eigent\u00fcmer der Wiese am K\u00fclf. Er hatte das Projekt in den vergangenen Tagen bereits tatkr\u00e4ftig unterst\u00fctzt. Als es bei der Umsetzung kleine Material-Engp\u00e4sse gab, sprang die Deinser Dorfgemeinschaft kurzerhand helfend ein \u2013 ein weiteres Beispiel f\u00fcr das starke Miteinander im Ort.<\/p>\n\n\n\n<p><strong>\u00dcber die K\u00fcnstlerin<\/strong><\/p>\n\n\n\n<p>Karin van der Molen ist international f\u00fcr ihre ortsspezifischen Land-Art-Installationen bekannt. Ihre Arbeiten entstehen stets im Dialog mit der Umgebung \u2013 mit nat\u00fcrlichen Materialien wie Holz, Stroh oder Weidenruten, aber auch mit ungew\u00f6hnlichen Werkstoffen wie Porzellan oder Metall. Weltweit hat sie bereits Projekte realisiert: In Japan etwa sammelte sie mit der Bev\u00f6lkerung zerbrochenes Porzellan und verwandelte es in ein Kunstwerk, das alte Pilgertraditionen aufgriff. In Deutschland verarbeitete sie Weinf\u00e4sser zu skulpturalen S\u00e4ulen, die mit Porzellan-Mosaiken bedeckt waren.<\/p>\n\n\n\n<p>\u201e<em>Nature is without distinction, without prejudice, without good or bad\u2026 My environmental art is my way to open this experience<\/em>\u201c, beschreibt van der Molen ihre k\u00fcnstlerische Haltung.<\/p>\n\n\n\n<p><strong>Das Projekt BodenKunstSch\u00e4tze<\/strong><\/p>\n\n\n\n<p>Die Installation in Deinsen ist Teil des Projekts <strong>BodenKunstSch\u00e4tze<\/strong>, das an neun Orten im Landkreis Hildesheim umgesetzt wird. Internationale K\u00fcnstlerinnen und K\u00fcnstler setzen sich darin mit dem Boden auseinander \u2013 als Lebensgrundlage, Speicher von Geschichte und Tr\u00e4ger kultureller Bedeutung. Neben den Kunstwerken gibt es ein Begleitprogramm mit Diskussionen, F\u00fchrungen und Aktionen, bei denen auch das <strong>Hildesheimer Bodenb\u00fcndnis<\/strong> als Initiator des Projekts eine Rolle spielt.<\/p>\n\n\n\n<p>Weitere Informationen zu den Ausstellungsorten und Terminen gibt es online unter:<br>\ud83d\udc49 <a href=\"http:\/\/karinvandermolen.nl\">www.karinvandermolen.nl<\/a><\/p>\n\n\n\n<p><\/p>\n","protected":false},"excerpt":{"rendered":"<p>zu finden: Den Astweg zum K\u00fclf folgen und auf halber H\u00f6he links den Wirtschaftsweg abbiegen. (11.08.2025) Mitten in der weiten Landschaft am K\u00fclf &nbsp;bei Deinsen ist ein neuer k\u00fcnstlerischer Blickfang<\/p>\n","protected":false},"author":1,"featured_media":0,"parent":0,"menu_order":0,"comment_status":"closed","ping_status":"closed","template":"","meta":{"footnotes":""},"class_list":["post-3994","page","type-page","status-publish","hentry"],"_links":{"self":[{"href":"https:\/\/www.deinsen.de\/index.php?rest_route=\/wp\/v2\/pages\/3994","targetHints":{"allow":["GET"]}}],"collection":[{"href":"https:\/\/www.deinsen.de\/index.php?rest_route=\/wp\/v2\/pages"}],"about":[{"href":"https:\/\/www.deinsen.de\/index.php?rest_route=\/wp\/v2\/types\/page"}],"author":[{"embeddable":true,"href":"https:\/\/www.deinsen.de\/index.php?rest_route=\/wp\/v2\/users\/1"}],"replies":[{"embeddable":true,"href":"https:\/\/www.deinsen.de\/index.php?rest_route=%2Fwp%2Fv2%2Fcomments&post=3994"}],"version-history":[{"count":2,"href":"https:\/\/www.deinsen.de\/index.php?rest_route=\/wp\/v2\/pages\/3994\/revisions"}],"predecessor-version":[{"id":3998,"href":"https:\/\/www.deinsen.de\/index.php?rest_route=\/wp\/v2\/pages\/3994\/revisions\/3998"}],"wp:attachment":[{"href":"https:\/\/www.deinsen.de\/index.php?rest_route=%2Fwp%2Fv2%2Fmedia&parent=3994"}],"curies":[{"name":"wp","href":"https:\/\/api.w.org\/{rel}","templated":true}]}}